{"id":420,"date":"2021-04-14T10:47:12","date_gmt":"2021-04-14T10:47:12","guid":{"rendered":"https:\/\/www.comidadivertida.pt\/?post_type=product&#038;p=420"},"modified":"2021-05-17T10:23:39","modified_gmt":"2021-05-17T10:23:39","slug":"party-fun-pack","status":"publish","type":"product","link":"https:\/\/piquepoque.com\/demo\/produto\/party-fun-pack\/","title":{"rendered":"Nacho-Party-Sonne"},"content":{"rendered":"<ul>\n<li>2 x 150g Nacho; 2 x 90g &#8220;dips&#8221; de queijo 1 x 90g <em>salsa <\/em>(tomate picante).<\/li>\n<li>Adequado a dieta: Vegetariana.<\/li>\n<li>Alerg\u00e9nios: Cereais que cont\u00eam gl\u00faten, nomeadamente trigo, centeio, cevada, aveia, espelta, kamut ou as suas estirpes hibridizadas, e produtos; leite e derivados (incluindo lactose).<\/li>\n<\/ul>\n","protected":false},"excerpt":{"rendered":"<p>HOT PARTY PACK DE NACHOS E DIPS<\/p>\n","protected":false},"featured_media":409,"comment_status":"open","ping_status":"closed","template":"","meta":[],"product_brand":[],"product_cat":[24,23],"product_tag":[],"class_list":{"0":"post-420","1":"product","2":"type-product","3":"status-publish","4":"has-post-thumbnail","6":"product_cat-party","7":"product_cat-tex-fun-mex","9":"first","10":"instock","11":"shipping-taxable","12":"purchasable","13":"product-type-simple"},"_links":{"self":[{"href":"https:\/\/piquepoque.com\/demo\/wp-json\/wp\/v2\/product\/420","targetHints":{"allow":["GET"]}}],"collection":[{"href":"https:\/\/piquepoque.com\/demo\/wp-json\/wp\/v2\/product"}],"about":[{"href":"https:\/\/piquepoque.com\/demo\/wp-json\/wp\/v2\/types\/product"}],"replies":[{"embeddable":true,"href":"https:\/\/piquepoque.com\/demo\/wp-json\/wp\/v2\/comments?post=420"}],"wp:featuredmedia":[{"embeddable":true,"href":"https:\/\/piquepoque.com\/demo\/wp-json\/wp\/v2\/media\/409"}],"wp:attachment":[{"href":"https:\/\/piquepoque.com\/demo\/wp-json\/wp\/v2\/media?parent=420"}],"wp:term":[{"taxonomy":"product_brand","embeddable":true,"href":"https:\/\/piquepoque.com\/demo\/wp-json\/wp\/v2\/product_brand?post=420"},{"taxonomy":"product_cat","embeddable":true,"href":"https:\/\/piquepoque.com\/demo\/wp-json\/wp\/v2\/product_cat?post=420"},{"taxonomy":"product_tag","embeddable":true,"href":"https:\/\/piquepoque.com\/demo\/wp-json\/wp\/v2\/product_tag?post=420"}],"curies":[{"name":"wp","href":"https:\/\/api.w.org\/{rel}","templated":true}]}}