{"id":443,"date":"2021-04-14T11:41:35","date_gmt":"2021-04-14T11:41:35","guid":{"rendered":"https:\/\/www.comidadivertida.pt\/?post_type=product&#038;p=443"},"modified":"2021-05-11T17:36:45","modified_gmt":"2021-05-11T17:36:45","slug":"zanuy-raw-corn-for-popcorn-organic-350g","status":"publish","type":"product","link":"https:\/\/piquepoque.com\/demo\/produto\/zanuy-raw-corn-for-popcorn-organic-350g\/","title":{"rendered":"Milho biol\u00f3gico para pipocas"},"content":{"rendered":"<p>&nbsp;<\/p>\n<ul>\n<li>Milho Biol\u00f3gico para pipocas.<\/li>\n<li>Emb. 350g.<\/li>\n<li>Embalagem 100% biodegrad\u00e1vel.<\/li>\n<li>Elaborado com preocupa\u00e7\u00f5es ambientais, a partir de Energia solar e Biomassa.<\/li>\n<li>Adequado para dieta: Vegetariana e Vegan.<\/li>\n<\/ul>\n","protected":false},"excerpt":{"rendered":"<p>A SOLU\u00c7\u00c3O BIO PARA FAZERES PIPOCAS \u00c0 TUA MANEIRA<\/p>\n<p>Emb. 350g.<\/p>\n","protected":false},"featured_media":454,"comment_status":"open","ping_status":"closed","template":"","meta":[],"product_brand":[],"product_cat":[25,22],"product_tag":[],"class_list":{"0":"post-443","1":"product","2":"type-product","3":"status-publish","4":"has-post-thumbnail","6":"product_cat-fun-well","7":"product_cat-fun","9":"first","10":"instock","11":"shipping-taxable","12":"purchasable","13":"product-type-simple"},"_links":{"self":[{"href":"https:\/\/piquepoque.com\/demo\/wp-json\/wp\/v2\/product\/443","targetHints":{"allow":["GET"]}}],"collection":[{"href":"https:\/\/piquepoque.com\/demo\/wp-json\/wp\/v2\/product"}],"about":[{"href":"https:\/\/piquepoque.com\/demo\/wp-json\/wp\/v2\/types\/product"}],"replies":[{"embeddable":true,"href":"https:\/\/piquepoque.com\/demo\/wp-json\/wp\/v2\/comments?post=443"}],"wp:featuredmedia":[{"embeddable":true,"href":"https:\/\/piquepoque.com\/demo\/wp-json\/wp\/v2\/media\/454"}],"wp:attachment":[{"href":"https:\/\/piquepoque.com\/demo\/wp-json\/wp\/v2\/media?parent=443"}],"wp:term":[{"taxonomy":"product_brand","embeddable":true,"href":"https:\/\/piquepoque.com\/demo\/wp-json\/wp\/v2\/product_brand?post=443"},{"taxonomy":"product_cat","embeddable":true,"href":"https:\/\/piquepoque.com\/demo\/wp-json\/wp\/v2\/product_cat?post=443"},{"taxonomy":"product_tag","embeddable":true,"href":"https:\/\/piquepoque.com\/demo\/wp-json\/wp\/v2\/product_tag?post=443"}],"curies":[{"name":"wp","href":"https:\/\/api.w.org\/{rel}","templated":true}]}}