{"id":457,"date":"2021-04-20T08:58:26","date_gmt":"2021-04-20T08:58:26","guid":{"rendered":"https:\/\/www.comidadivertida.pt\/?post_type=product&#038;p=457"},"modified":"2021-05-17T10:13:20","modified_gmt":"2021-05-17T10:13:20","slug":"crunchy-popcorn-dark-chocolate","status":"publish","type":"product","link":"https:\/\/piquepoque.com\/demo\/produto\/crunchy-popcorn-dark-chocolate\/","title":{"rendered":"Dark Chocolate Popcorn"},"content":{"rendered":"<ul>\n<li>Pipocas crocantes gourmet com caramelo e cobertura de chocolate negro.<\/li>\n<li>Emb. 100g.<\/li>\n<li>Adequado a dieta Vegetariana.<\/li>\n<li>Alerg\u00e9nios: Cereais que cont\u00eam gl\u00faten (nomeadamente trigo, centeio, cevada, aveia, espelta, kamut ou as suas\u00a0 estirpes hibridizadas) e produtos \u00e0 base de cereais; Amendoim e produtos derivados; Soja e produtos derivados; Nozes e produtos derivados (ou seja, am\u00eandoa, avel\u00e3, nozes, caju, noz-pec\u00e3, castanha do Brasil, pistache, noz de macad\u00e2mia e noz de Queensland; Leite e produtos derivados, incluindo lactose.<\/li>\n<\/ul>\n<p>&nbsp;<\/p>\n<p><span style=\"font-weight: 400;\">\u00a0 \u00a0 \u00a0<\/span><\/p>\n","protected":false},"excerpt":{"rendered":"<p><span style=\"font-weight: 400;\">PIPOCAS CROCANTES GOURMET COM CARAMELO E COBERTURA DE CHOCOLATE NEGRO<\/span><\/p>\n<ul>\n<li>Emb. 125g.<\/li>\n<\/ul>\n","protected":false},"featured_media":458,"comment_status":"open","ping_status":"closed","template":"","meta":[],"product_brand":[],"product_cat":[22],"product_tag":[],"class_list":{"0":"post-457","1":"product","2":"type-product","3":"status-publish","4":"has-post-thumbnail","6":"product_cat-fun","8":"first","9":"instock","10":"shipping-taxable","11":"purchasable","12":"product-type-simple"},"_links":{"self":[{"href":"https:\/\/piquepoque.com\/demo\/wp-json\/wp\/v2\/product\/457","targetHints":{"allow":["GET"]}}],"collection":[{"href":"https:\/\/piquepoque.com\/demo\/wp-json\/wp\/v2\/product"}],"about":[{"href":"https:\/\/piquepoque.com\/demo\/wp-json\/wp\/v2\/types\/product"}],"replies":[{"embeddable":true,"href":"https:\/\/piquepoque.com\/demo\/wp-json\/wp\/v2\/comments?post=457"}],"wp:featuredmedia":[{"embeddable":true,"href":"https:\/\/piquepoque.com\/demo\/wp-json\/wp\/v2\/media\/458"}],"wp:attachment":[{"href":"https:\/\/piquepoque.com\/demo\/wp-json\/wp\/v2\/media?parent=457"}],"wp:term":[{"taxonomy":"product_brand","embeddable":true,"href":"https:\/\/piquepoque.com\/demo\/wp-json\/wp\/v2\/product_brand?post=457"},{"taxonomy":"product_cat","embeddable":true,"href":"https:\/\/piquepoque.com\/demo\/wp-json\/wp\/v2\/product_cat?post=457"},{"taxonomy":"product_tag","embeddable":true,"href":"https:\/\/piquepoque.com\/demo\/wp-json\/wp\/v2\/product_tag?post=457"}],"curies":[{"name":"wp","href":"https:\/\/api.w.org\/{rel}","templated":true}]}}